{"id":350,"date":"2018-05-06T17:38:26","date_gmt":"2018-05-06T15:38:26","guid":{"rendered":"http:\/\/vignobledumartinet.be\/?page_id=350"},"modified":"2024-09-08T15:47:48","modified_gmt":"2024-09-08T13:47:48","slug":"parrainage-de-notre-projet-par-le-vignoble-de-villers-la-vigne","status":"publish","type":"page","link":"http:\/\/vignobledumartinet.be\/index.php\/parrainage-de-notre-projet-par-le-vignoble-de-villers-la-vigne\/","title":{"rendered":"Parrainage de notre projet par le vignoble de Villers-La-Vigne"},"content":{"rendered":"<p>Notre projet est parrain\u00e9 par le vignoble de Villers-la-Vigne &#8230;..<\/p>\n<p>Christophe Waterkeyn et son \u00e9quipe vont nous guider dans les diff\u00e9rentes \u00e9tapes de ce projet\u00a0 qui va de la pr\u00e9paration du terrain, de la mise en place des pieds de vigne, de la taille, du traitement du sol\u00a0 ainsi que de la vinification&#8230;. Une \u00e9quipe d&rsquo;experts avec plus de 20 ann\u00e9es d&rsquo;exp\u00e9rience sera \u00e0 nos c\u00f4t\u00e9s durant la mise en place de notre projet<\/p>\n<p>Merci de visiter le site<\/p>\n<p><a href=\"http:\/\/www.villers-la-vigne.be\">www.villers-la-vigne.be<\/a><\/p>\n<p>Quelques photos de nos r\u00e9unions de travail&#8230;.. \u00e0 suivre&#8230;<\/p>\n","protected":false},"excerpt":{"rendered":"<p>Notre projet est parrain\u00e9 par le vignoble de Villers-la-Vigne &#8230;.. Christophe Waterkeyn et son \u00e9quipe vont nous guider dans les diff\u00e9rentes \u00e9tapes de ce projet\u00a0 qui va de la pr\u00e9paration du terrain, de la mise en place des pieds de vigne, de la taille, du traitement du sol\u00a0 ainsi que de la vinification&#8230;. Une \u00e9quipe [&hellip;]<\/p>\n","protected":false},"author":1,"featured_media":0,"parent":0,"menu_order":0,"comment_status":"closed","ping_status":"closed","template":"","meta":[],"_links":{"self":[{"href":"http:\/\/vignobledumartinet.be\/index.php\/wp-json\/wp\/v2\/pages\/350"}],"collection":[{"href":"http:\/\/vignobledumartinet.be\/index.php\/wp-json\/wp\/v2\/pages"}],"about":[{"href":"http:\/\/vignobledumartinet.be\/index.php\/wp-json\/wp\/v2\/types\/page"}],"author":[{"embeddable":true,"href":"http:\/\/vignobledumartinet.be\/index.php\/wp-json\/wp\/v2\/users\/1"}],"replies":[{"embeddable":true,"href":"http:\/\/vignobledumartinet.be\/index.php\/wp-json\/wp\/v2\/comments?post=350"}],"version-history":[{"count":8,"href":"http:\/\/vignobledumartinet.be\/index.php\/wp-json\/wp\/v2\/pages\/350\/revisions"}],"predecessor-version":[{"id":1557,"href":"http:\/\/vignobledumartinet.be\/index.php\/wp-json\/wp\/v2\/pages\/350\/revisions\/1557"}],"wp:attachment":[{"href":"http:\/\/vignobledumartinet.be\/index.php\/wp-json\/wp\/v2\/media?parent=350"}],"curies":[{"name":"wp","href":"https:\/\/api.w.org\/{rel}","templated":true}]}}